{"id":531,"date":"2025-04-29T17:03:00","date_gmt":"2025-04-29T15:03:00","guid":{"rendered":"https:\/\/miing.umsa.edu.bo\/?page_id=531"},"modified":"2025-04-30T04:33:07","modified_gmt":"2025-04-30T02:33:07","slug":"convocatoriasprefa","status":"publish","type":"page","link":"https:\/\/miing.umsa.edu.bo\/index.php\/convocatoriasprefa\/","title":{"rendered":"ConvocatoriasPrefa"},"content":{"rendered":"\t\t<div data-elementor-type=\"wp-page\" data-elementor-id=\"531\" class=\"elementor elementor-531\" data-elementor-post-type=\"page\">\n\t\t\t\t<div class=\"elementor-element elementor-element-be6d9d3 e-flex e-con-boxed e-con e-parent\" data-id=\"be6d9d3\" data-element_type=\"container\" data-e-type=\"container\">\n\t\t\t\t\t<div class=\"e-con-inner\">\n\t\t\t\t<div class=\"elementor-element elementor-element-79e8fe8 elementor-widget elementor-widget-heading\" data-id=\"79e8fe8\" data-element_type=\"widget\" data-e-type=\"widget\" data-widget_type=\"heading.default\">\n\t\t\t\t<div class=\"elementor-widget-container\">\n\t\t\t\t\t<h2 class=\"elementor-heading-title elementor-size-default\">Convocatorias Curso Prefacultativo<\/h2>\t\t\t\t<\/div>\n\t\t\t\t<\/div>\n\t\t<div class=\"elementor-element elementor-element-0fa9c57 e-con-full e-flex e-con e-child\" data-id=\"0fa9c57\" data-element_type=\"container\" data-e-type=\"container\">\n\t\t\t\t<div class=\"elementor-element elementor-element-fdba587 e-n-tabs-mobile elementor-widget elementor-widget-n-tabs\" data-id=\"fdba587\" data-element_type=\"widget\" data-e-type=\"widget\" data-widget_type=\"nested-tabs.default\">\n\t\t\t\t<div class=\"elementor-widget-container\">\n\t\t\t\t\t\t\t<div class=\"e-n-tabs\" data-widget-number=\"266052999\" aria-label=\"Pesta\u00f1as. Abre elementos con Intro o Espacio, ci\u00e9rralos con Escape y navega con las fechas.\">\n\t\t\t<div class=\"e-n-tabs-heading\" role=\"tablist\">\n\t\t\t\t\t<button id=\"e-n-tab-title-2660529991\" data-tab-title-id=\"e-n-tab-title-2660529991\" class=\"e-n-tab-title\" aria-selected=\"true\" data-tab-index=\"1\" role=\"tab\" tabindex=\"0\" aria-controls=\"e-n-tab-content-2660529991\" style=\"--n-tabs-title-order: 1;\">\n\t\t\t\t\t\t<span class=\"e-n-tab-title-text\">\n\t\t\t\tCONCURSO DE M\u00c9RITOS PARA DOCENTES CURSO PREFACULTATIVO (PRESENCIAL) GESTI\u00d3N ACAD\u00c9MICA 2025\t\t\t<\/span>\n\t\t<\/button>\n\t\t\t\t<button id=\"e-n-tab-title-2660529992\" data-tab-title-id=\"e-n-tab-title-2660529992\" class=\"e-n-tab-title\" aria-selected=\"false\" data-tab-index=\"2\" role=\"tab\" tabindex=\"-1\" aria-controls=\"e-n-tab-content-2660529992\" style=\"--n-tabs-title-order: 2;\">\n\t\t\t\t\t\t<span class=\"e-n-tab-title-text\">\n\t\t\t\tCONCURSO DE M\u00c9RITOS Y EXAMEN DE COMPETENCIA PARA AUXILIARES DE DOCENCIA CURSO PRE - PREFACULTATIVO (PRESENCIAL) GESTION ACAD\u00c9MICA 2025\t\t\t<\/span>\n\t\t<\/button>\n\t\t\t\t<button id=\"e-n-tab-title-2660529993\" data-tab-title-id=\"e-n-tab-title-2660529993\" class=\"e-n-tab-title\" aria-selected=\"false\" data-tab-index=\"3\" role=\"tab\" tabindex=\"-1\" aria-controls=\"e-n-tab-content-2660529993\" style=\"--n-tabs-title-order: 3;\">\n\t\t\t\t\t\t<span class=\"e-n-tab-title-text\">\n\t\t\t\tCONVOCATORIA Nro. 001\/2024 DIRECTOR PRE FACULTATIVO 2025\t\t\t<\/span>\n\t\t<\/button>\n\t\t\t\t\t<\/div>\n\t\t\t<div class=\"e-n-tabs-content\">\n\t\t\t\t<div id=\"e-n-tab-content-2660529991\" role=\"tabpanel\" aria-labelledby=\"e-n-tab-title-2660529991\" data-tab-index=\"1\" style=\"--n-tabs-title-order: 1;\" class=\"e-active elementor-element elementor-element-589f3d5 e-con-full e-flex e-con e-child\" data-id=\"589f3d5\" data-element_type=\"container\" data-e-type=\"container\">\n\t\t\t\t<div class=\"elementor-element elementor-element-c724c0c elementor-widget elementor-widget-html\" data-id=\"c724c0c\" data-element_type=\"widget\" data-e-type=\"widget\" data-widget_type=\"html.default\">\n\t\t\t\t<div class=\"elementor-widget-container\">\n\t\t\t\t\t<p style=\"text-align: center;\"><iframe width=\"100%\" height=\"480\" src=\"https:\/\/drive.google.com\/file\/d\/1l1wiocX9JqJ3Ks1p3GPaEAIX7EB2vqpL\/preview\"><\/iframe><\/p>\t\t\t\t<\/div>\n\t\t\t\t<\/div>\n\t\t\t\t<\/div>\n\t\t<div id=\"e-n-tab-content-2660529992\" role=\"tabpanel\" aria-labelledby=\"e-n-tab-title-2660529992\" data-tab-index=\"2\" style=\"--n-tabs-title-order: 2;\" class=\" elementor-element elementor-element-09d49b2 e-con-full e-flex e-con e-child\" data-id=\"09d49b2\" data-element_type=\"container\" data-e-type=\"container\">\n\t\t\t\t<div class=\"elementor-element elementor-element-7b26956 elementor-widget elementor-widget-html\" data-id=\"7b26956\" data-element_type=\"widget\" data-e-type=\"widget\" data-widget_type=\"html.default\">\n\t\t\t\t<div class=\"elementor-widget-container\">\n\t\t\t\t\t<p style=\"text-align: center;\"><iframe width=\"100%\" height=\"480\" src=\"https:\/\/drive.google.com\/file\/d\/1hXuEHdHQ1rIdVxPQAImfKm-txmDSPk6P\/preview\"><\/iframe><\/p>\t\t\t\t<\/div>\n\t\t\t\t<\/div>\n\t\t\t\t<\/div>\n\t\t<div id=\"e-n-tab-content-2660529993\" role=\"tabpanel\" aria-labelledby=\"e-n-tab-title-2660529993\" data-tab-index=\"3\" style=\"--n-tabs-title-order: 3;\" class=\" elementor-element elementor-element-f4592d0 e-con-full e-flex e-con e-child\" data-id=\"f4592d0\" data-element_type=\"container\" data-e-type=\"container\">\n\t\t\t\t<div class=\"elementor-element elementor-element-c58e509 elementor-widget elementor-widget-html\" data-id=\"c58e509\" data-element_type=\"widget\" data-e-type=\"widget\" data-widget_type=\"html.default\">\n\t\t\t\t<div class=\"elementor-widget-container\">\n\t\t\t\t\t<p style=\"text-align: center;\"><iframe width=\"100%\" height=\"480\" src=\"https:\/\/drive.google.com\/file\/d\/1NfRnYG4e94vy9WBcgv0tOE5ZJTeh9b_e\/preview\"><\/iframe><\/p>\t\t\t\t<\/div>\n\t\t\t\t<\/div>\n\t\t\t\t<\/div>\n\t\t\t\t\t<\/div>\n\t\t<\/div>\n\t\t\t\t\t\t<\/div>\n\t\t\t\t<\/div>\n\t\t\t\t<\/div>\n\t\t\t\t\t<\/div>\n\t\t\t\t<\/div>\n\t\t\t\t<\/div>\n\t\t","protected":false},"excerpt":{"rendered":"<p>Convocatorias Curso Prefacultativo CONCURSO DE M\u00c9RITOS PARA DOCENTES CURSO PREFACULTATIVO (PRESENCIAL) GESTI\u00d3N ACAD\u00c9MICA 2025 CONCURSO DE M\u00c9RITOS Y EXAMEN DE [&hellip;]<\/p>\n","protected":false},"author":2,"featured_media":0,"parent":0,"menu_order":0,"comment_status":"closed","ping_status":"closed","template":"","meta":{"site-sidebar-layout":"no-sidebar","site-content-layout":"","ast-site-content-layout":"full-width-container","site-content-style":"default","site-sidebar-style":"default","ast-global-header-display":"","ast-banner-title-visibility":"","ast-main-header-display":"","ast-hfb-above-header-display":"","ast-hfb-below-header-display":"","ast-hfb-mobile-header-display":"","site-post-title":"disabled","ast-breadcrumbs-content":"","ast-featured-img":"disabled","footer-sml-layout":"","ast-disable-related-posts":"","theme-transparent-header-meta":"","adv-header-id-meta":"","stick-header-meta":"","header-above-stick-meta":"","header-main-stick-meta":"","header-below-stick-meta":"","astra-migrate-meta-layouts":"default","ast-page-background-enabled":"default","ast-page-background-meta":{"desktop":{"background-color":"var(--ast-global-color-5)","background-image":"","background-repeat":"repeat","background-position":"center center","background-size":"auto","background-attachment":"scroll","background-type":"","background-media":"","overlay-type":"","overlay-color":"","overlay-opacity":"","overlay-gradient":""},"tablet":{"background-color":"","background-image":"","background-repeat":"repeat","background-position":"center center","background-size":"auto","background-attachment":"scroll","background-type":"","background-media":"","overlay-type":"","overlay-color":"","overlay-opacity":"","overlay-gradient":""},"mobile":{"background-color":"","background-image":"","background-repeat":"repeat","background-position":"center center","background-size":"auto","background-attachment":"scroll","background-type":"","background-media":"","overlay-type":"","overlay-color":"","overlay-opacity":"","overlay-gradient":""}},"ast-content-background-meta":{"desktop":{"background-color":"var(--ast-global-color-4)","background-image":"","background-repeat":"repeat","background-position":"center center","background-size":"auto","background-attachment":"scroll","background-type":"","background-media":"","overlay-type":"","overlay-color":"","overlay-opacity":"","overlay-gradient":""},"tablet":{"background-color":"var(--ast-global-color-4)","background-image":"","background-repeat":"repeat","background-position":"center center","background-size":"auto","background-attachment":"scroll","background-type":"","background-media":"","overlay-type":"","overlay-color":"","overlay-opacity":"","overlay-gradient":""},"mobile":{"background-color":"var(--ast-global-color-4)","background-image":"","background-repeat":"repeat","background-position":"center center","background-size":"auto","background-attachment":"scroll","background-type":"","background-media":"","overlay-type":"","overlay-color":"","overlay-opacity":"","overlay-gradient":""}},"footnotes":""},"class_list":["post-531","page","type-page","status-publish","hentry"],"rttpg_featured_image_url":null,"rttpg_author":{"display_name":"RENZO FABIAN ORTIZ TAPIA","author_link":"https:\/\/miing.umsa.edu.bo\/index.php\/author\/ad1mrf0t\/"},"rttpg_comment":0,"rttpg_category":null,"rttpg_excerpt":"Convocatorias Curso Prefacultativo CONCURSO DE M\u00c9RITOS PARA DOCENTES CURSO PREFACULTATIVO (PRESENCIAL) GESTI\u00d3N ACAD\u00c9MICA 2025 CONCURSO DE M\u00c9RITOS Y EXAMEN DE [&hellip;]","_links":{"self":[{"href":"https:\/\/miing.umsa.edu.bo\/index.php\/wp-json\/wp\/v2\/pages\/531","targetHints":{"allow":["GET"]}}],"collection":[{"href":"https:\/\/miing.umsa.edu.bo\/index.php\/wp-json\/wp\/v2\/pages"}],"about":[{"href":"https:\/\/miing.umsa.edu.bo\/index.php\/wp-json\/wp\/v2\/types\/page"}],"author":[{"embeddable":true,"href":"https:\/\/miing.umsa.edu.bo\/index.php\/wp-json\/wp\/v2\/users\/2"}],"replies":[{"embeddable":true,"href":"https:\/\/miing.umsa.edu.bo\/index.php\/wp-json\/wp\/v2\/comments?post=531"}],"version-history":[{"count":10,"href":"https:\/\/miing.umsa.edu.bo\/index.php\/wp-json\/wp\/v2\/pages\/531\/revisions"}],"predecessor-version":[{"id":629,"href":"https:\/\/miing.umsa.edu.bo\/index.php\/wp-json\/wp\/v2\/pages\/531\/revisions\/629"}],"wp:attachment":[{"href":"https:\/\/miing.umsa.edu.bo\/index.php\/wp-json\/wp\/v2\/media?parent=531"}],"curies":[{"name":"wp","href":"https:\/\/api.w.org\/{rel}","templated":true}]}}