{"id":461,"date":"2025-04-26T03:00:51","date_gmt":"2025-04-26T01:00:51","guid":{"rendered":"https:\/\/miing.umsa.edu.bo\/?page_id=461"},"modified":"2025-10-08T22:18:55","modified_gmt":"2025-10-08T20:18:55","slug":"formatospostulacion","status":"publish","type":"page","link":"https:\/\/miing.umsa.edu.bo\/index.php\/formatospostulacion\/","title":{"rendered":"FormatosPostulacion"},"content":{"rendered":"\t\t<div data-elementor-type=\"wp-page\" data-elementor-id=\"461\" class=\"elementor elementor-461\" data-elementor-post-type=\"page\">\n\t\t\t\t<div class=\"elementor-element elementor-element-2d34367 e-flex e-con-boxed e-con e-parent\" data-id=\"2d34367\" data-element_type=\"container\" data-e-type=\"container\">\n\t\t\t\t\t<div class=\"e-con-inner\">\n\t\t\t\t<div class=\"elementor-element elementor-element-441485b elementor-widget elementor-widget-heading\" data-id=\"441485b\" data-element_type=\"widget\" data-e-type=\"widget\" data-widget_type=\"heading.default\">\n\t\t\t\t<div class=\"elementor-widget-container\">\n\t\t\t\t\t<h2 class=\"elementor-heading-title elementor-size-default\">Formatos de Postulaci\u00f3n Docente<\/h2>\t\t\t\t<\/div>\n\t\t\t\t<\/div>\n\t\t\t\t\t<\/div>\n\t\t\t\t<\/div>\n\t\t<div class=\"elementor-element elementor-element-6835f89 e-flex e-con-boxed e-con e-parent\" data-id=\"6835f89\" data-element_type=\"container\" data-e-type=\"container\">\n\t\t\t\t\t<div class=\"e-con-inner\">\n\t\t\t\t<div class=\"elementor-element elementor-element-8d2dd82 elementor-widget__width-initial elementor-widget elementor-widget-button\" data-id=\"8d2dd82\" data-element_type=\"widget\" data-e-type=\"widget\" data-widget_type=\"button.default\">\n\t\t\t\t<div class=\"elementor-widget-container\">\n\t\t\t\t\t\t\t\t\t<div class=\"elementor-button-wrapper\">\n\t\t\t\t\t<a class=\"elementor-button elementor-button-link elementor-size-sm\" href=\"https:\/\/cving.umsa.edu.bo\/\" target=\"_blank\">\n\t\t\t\t\t\t<span class=\"elementor-button-content-wrapper\">\n\t\t\t\t\t\t\t\t\t<span class=\"elementor-button-text\">FI-02 CV Docente<\/span>\n\t\t\t\t\t<\/span>\n\t\t\t\t\t<\/a>\n\t\t\t\t<\/div>\n\t\t\t\t\t\t\t\t<\/div>\n\t\t\t\t<\/div>\n\t\t\t\t<div class=\"elementor-element elementor-element-681ab8f e-n-tabs-mobile elementor-widget elementor-widget-n-tabs\" data-id=\"681ab8f\" data-element_type=\"widget\" data-e-type=\"widget\" data-widget_type=\"nested-tabs.default\">\n\t\t\t\t<div class=\"elementor-widget-container\">\n\t\t\t\t\t\t\t<div class=\"e-n-tabs\" data-widget-number=\"109161359\" aria-label=\"Pesta\u00f1as. Abre elementos con Intro o Espacio, ci\u00e9rralos con Escape y navega con las fechas.\">\n\t\t\t<div class=\"e-n-tabs-heading\" role=\"tablist\">\n\t\t\t\t\t<button id=\"e-n-tab-title-1091613591\" data-tab-title-id=\"e-n-tab-title-1091613591\" class=\"e-n-tab-title\" aria-selected=\"true\" data-tab-index=\"1\" role=\"tab\" tabindex=\"0\" aria-controls=\"e-n-tab-content-1091613591\" style=\"--n-tabs-title-order: 1;\">\n\t\t\t\t\t\t<span class=\"e-n-tab-title-text\">\n\t\t\t\tFI-04 Plan de Trabajo Docentes\t\t\t<\/span>\n\t\t<\/button>\n\t\t\t\t<button id=\"e-n-tab-title-1091613592\" data-tab-title-id=\"e-n-tab-title-1091613592\" class=\"e-n-tab-title\" aria-selected=\"false\" data-tab-index=\"2\" role=\"tab\" tabindex=\"-1\" aria-controls=\"e-n-tab-content-1091613592\" style=\"--n-tabs-title-order: 2;\">\n\t\t\t\t\t\t<span class=\"e-n-tab-title-text\">\n\t\t\t\tFI-06 Carta de postulaci\u00f3n Docente\t\t\t<\/span>\n\t\t<\/button>\n\t\t\t\t<button id=\"e-n-tab-title-1091613593\" data-tab-title-id=\"e-n-tab-title-1091613593\" class=\"e-n-tab-title\" aria-selected=\"false\" data-tab-index=\"3\" role=\"tab\" tabindex=\"-1\" aria-controls=\"e-n-tab-content-1091613593\" style=\"--n-tabs-title-order: 3;\">\n\t\t\t\t\t\t<span class=\"e-n-tab-title-text\">\n\t\t\t\tCB-01 Carta Postulaci\u00f3n Coordinar CB\t\t\t<\/span>\n\t\t<\/button>\n\t\t\t\t<button id=\"e-n-tab-title-1091613594\" data-tab-title-id=\"e-n-tab-title-1091613594\" class=\"e-n-tab-title\" aria-selected=\"false\" data-tab-index=\"4\" role=\"tab\" tabindex=\"-1\" aria-controls=\"e-n-tab-content-1091613594\" style=\"--n-tabs-title-order: 4;\">\n\t\t\t\t\t\t<span class=\"e-n-tab-title-text\">\n\t\t\t\tCB-03 Plan de trabajo Coordinador CB\t\t\t<\/span>\n\t\t<\/button>\n\t\t\t\t<button id=\"e-n-tab-title-1091613595\" data-tab-title-id=\"e-n-tab-title-1091613595\" class=\"e-n-tab-title\" aria-selected=\"false\" data-tab-index=\"5\" role=\"tab\" tabindex=\"-1\" aria-controls=\"e-n-tab-content-1091613595\" style=\"--n-tabs-title-order: 5;\">\n\t\t\t\t\t\t<span class=\"e-n-tab-title-text\">\n\t\t\t\tCB-04 Carta de postulaci\u00f3n Docente\t\t\t<\/span>\n\t\t<\/button>\n\t\t\t\t<button id=\"e-n-tab-title-1091613596\" data-tab-title-id=\"e-n-tab-title-1091613596\" class=\"e-n-tab-title\" aria-selected=\"false\" data-tab-index=\"6\" role=\"tab\" tabindex=\"-1\" aria-controls=\"e-n-tab-content-1091613596\" style=\"--n-tabs-title-order: 6;\">\n\t\t\t\t\t\t<span class=\"e-n-tab-title-text\">\n\t\t\t\tCB-05 Plan de trabajo de Docente\t\t\t<\/span>\n\t\t<\/button>\n\t\t\t\t<button id=\"e-n-tab-title-1091613597\" data-tab-title-id=\"e-n-tab-title-1091613597\" class=\"e-n-tab-title\" aria-selected=\"false\" data-tab-index=\"7\" role=\"tab\" tabindex=\"-1\" aria-controls=\"e-n-tab-content-1091613597\" style=\"--n-tabs-title-order: 7;\">\n\t\t\t\t\t\t<span class=\"e-n-tab-title-text\">\n\t\t\t\tCPF-10 Plan Global\t\t\t<\/span>\n\t\t<\/button>\n\t\t\t\t<button id=\"e-n-tab-title-1091613598\" data-tab-title-id=\"e-n-tab-title-1091613598\" class=\"e-n-tab-title\" aria-selected=\"false\" data-tab-index=\"8\" role=\"tab\" tabindex=\"-1\" aria-controls=\"e-n-tab-content-1091613598\" style=\"--n-tabs-title-order: 8;\">\n\t\t\t\t\t\t<span class=\"e-n-tab-title-text\">\n\t\t\t\tCPF-11 Carta de Postulaci\u00f3n\t\t\t<\/span>\n\t\t<\/button>\n\t\t\t\t\t<\/div>\n\t\t\t<div class=\"e-n-tabs-content\">\n\t\t\t\t<div id=\"e-n-tab-content-1091613591\" role=\"tabpanel\" aria-labelledby=\"e-n-tab-title-1091613591\" data-tab-index=\"1\" style=\"--n-tabs-title-order: 1;\" class=\"e-active elementor-element elementor-element-1e7f67d e-con-full e-flex e-con e-child\" data-id=\"1e7f67d\" data-element_type=\"container\" data-e-type=\"container\">\n\t\t\t\t<div class=\"elementor-element elementor-element-dd0ff66 elementor-widget elementor-widget-html\" data-id=\"dd0ff66\" data-element_type=\"widget\" data-e-type=\"widget\" data-widget_type=\"html.default\">\n\t\t\t\t<div class=\"elementor-widget-container\">\n\t\t\t\t\t<p style=\"text-align: center;\"><iframe width=\"100%\" height=\"480\" src=\"https:\/\/drive.google.com\/file\/d\/1w9DV6rDupf4Vk50VK2mB1kbhOEQ0wTQj\/preview\"><\/iframe><\/p>\t\t\t\t<\/div>\n\t\t\t\t<\/div>\n\t\t\t\t<\/div>\n\t\t<div id=\"e-n-tab-content-1091613592\" role=\"tabpanel\" aria-labelledby=\"e-n-tab-title-1091613592\" data-tab-index=\"2\" style=\"--n-tabs-title-order: 2;\" class=\" elementor-element elementor-element-64cc1d9 e-con-full e-flex e-con e-child\" data-id=\"64cc1d9\" data-element_type=\"container\" data-e-type=\"container\">\n\t\t\t\t<div class=\"elementor-element elementor-element-b950a59 elementor-widget elementor-widget-html\" data-id=\"b950a59\" data-element_type=\"widget\" data-e-type=\"widget\" data-widget_type=\"html.default\">\n\t\t\t\t<div class=\"elementor-widget-container\">\n\t\t\t\t\t<p style=\"text-align: center;\"><iframe width=\"105%\" height=\"480\" src=\"https:\/\/drive.google.com\/file\/d\/1bFXhV4zl0fyLsRw2SFukEOEXO2RaiAqn\/preview\"><\/iframe><\/p>\t\t\t\t<\/div>\n\t\t\t\t<\/div>\n\t\t\t\t<\/div>\n\t\t<div id=\"e-n-tab-content-1091613593\" role=\"tabpanel\" aria-labelledby=\"e-n-tab-title-1091613593\" data-tab-index=\"3\" style=\"--n-tabs-title-order: 3;\" class=\" elementor-element elementor-element-74cb64b e-con-full e-flex e-con e-child\" data-id=\"74cb64b\" data-element_type=\"container\" data-e-type=\"container\">\n\t\t\t\t<div class=\"elementor-element elementor-element-fa49556 elementor-widget elementor-widget-html\" data-id=\"fa49556\" data-element_type=\"widget\" data-e-type=\"widget\" data-widget_type=\"html.default\">\n\t\t\t\t<div class=\"elementor-widget-container\">\n\t\t\t\t\t<p style=\"text-align: center;\"><iframe width=\"105%\" height=\"480\" src=\"https:\/\/drive.google.com\/file\/d\/1TnR7d5-XU2WdaLqb-UBixtNEDqkidGDM\/preview\"><\/iframe><\/p>\t\t\t\t<\/div>\n\t\t\t\t<\/div>\n\t\t\t\t<\/div>\n\t\t<div id=\"e-n-tab-content-1091613594\" role=\"tabpanel\" aria-labelledby=\"e-n-tab-title-1091613594\" data-tab-index=\"4\" style=\"--n-tabs-title-order: 4;\" class=\" elementor-element elementor-element-8c6399b e-con-full e-flex e-con e-child\" data-id=\"8c6399b\" data-element_type=\"container\" data-e-type=\"container\">\n\t\t\t\t<div class=\"elementor-element elementor-element-46cfa4e elementor-widget elementor-widget-html\" data-id=\"46cfa4e\" data-element_type=\"widget\" data-e-type=\"widget\" data-widget_type=\"html.default\">\n\t\t\t\t<div class=\"elementor-widget-container\">\n\t\t\t\t\t<p style=\"text-align: center;\"><iframe width=\"105%\" height=\"480\" src=\"https:\/\/drive.google.com\/file\/d\/12WASpiD1FYV5QWBG5cMxuyKy1lBFSJsN\/preview\"><\/iframe><\/p>\t\t\t\t<\/div>\n\t\t\t\t<\/div>\n\t\t\t\t<\/div>\n\t\t<div id=\"e-n-tab-content-1091613595\" role=\"tabpanel\" aria-labelledby=\"e-n-tab-title-1091613595\" data-tab-index=\"5\" style=\"--n-tabs-title-order: 5;\" class=\" elementor-element elementor-element-530e6c3 e-con-full e-flex e-con e-child\" data-id=\"530e6c3\" data-element_type=\"container\" data-e-type=\"container\">\n\t\t\t\t<div class=\"elementor-element elementor-element-0b9207b elementor-widget elementor-widget-html\" data-id=\"0b9207b\" data-element_type=\"widget\" data-e-type=\"widget\" data-widget_type=\"html.default\">\n\t\t\t\t<div class=\"elementor-widget-container\">\n\t\t\t\t\t<p style=\"text-align: center;\"><iframe width=\"105%\" height=\"480\" src=\"https:\/\/drive.google.com\/file\/d\/1nVx9PocbvI74VRFB2p2KkIcUtAIIMYPY\/preview\"><\/iframe><\/p>\t\t\t\t<\/div>\n\t\t\t\t<\/div>\n\t\t\t\t<\/div>\n\t\t<div id=\"e-n-tab-content-1091613596\" role=\"tabpanel\" aria-labelledby=\"e-n-tab-title-1091613596\" data-tab-index=\"6\" style=\"--n-tabs-title-order: 6;\" class=\" elementor-element elementor-element-253402a e-con-full e-flex e-con e-child\" data-id=\"253402a\" data-element_type=\"container\" data-e-type=\"container\">\n\t\t\t\t<div class=\"elementor-element elementor-element-b8dd9da elementor-widget elementor-widget-html\" data-id=\"b8dd9da\" data-element_type=\"widget\" data-e-type=\"widget\" data-widget_type=\"html.default\">\n\t\t\t\t<div class=\"elementor-widget-container\">\n\t\t\t\t\t<p style=\"text-align: center;\"><iframe width=\"105%\" height=\"480\" src=\"https:\/\/drive.google.com\/file\/d\/11cx7RYsBLer6ky3tbGpLzaQXud661hwu\/preview\"><\/iframe><\/p>\t\t\t\t<\/div>\n\t\t\t\t<\/div>\n\t\t\t\t<\/div>\n\t\t<div id=\"e-n-tab-content-1091613597\" role=\"tabpanel\" aria-labelledby=\"e-n-tab-title-1091613597\" data-tab-index=\"7\" style=\"--n-tabs-title-order: 7;\" class=\" elementor-element elementor-element-e62dba2 e-con-full e-flex e-con e-child\" data-id=\"e62dba2\" data-element_type=\"container\" data-e-type=\"container\">\n\t\t\t\t<div class=\"elementor-element elementor-element-453dcb5 elementor-widget elementor-widget-html\" data-id=\"453dcb5\" data-element_type=\"widget\" data-e-type=\"widget\" data-widget_type=\"html.default\">\n\t\t\t\t<div class=\"elementor-widget-container\">\n\t\t\t\t\t<p style=\"text-align: center;\"><iframe width=\"105%\" height=\"480\" src=\"https:\/\/drive.google.com\/file\/d\/1YX2sUpwuHhQsOMC_2aAuRHg4kWcqxjfu\/preview\"><\/iframe><\/p>\t\t\t\t<\/div>\n\t\t\t\t<\/div>\n\t\t\t\t<\/div>\n\t\t<div id=\"e-n-tab-content-1091613598\" role=\"tabpanel\" aria-labelledby=\"e-n-tab-title-1091613598\" data-tab-index=\"8\" style=\"--n-tabs-title-order: 8;\" class=\" elementor-element elementor-element-718b4c5 e-con-full e-flex e-con e-child\" data-id=\"718b4c5\" data-element_type=\"container\" data-e-type=\"container\">\n\t\t\t\t<div class=\"elementor-element elementor-element-8a337e9 elementor-widget elementor-widget-html\" data-id=\"8a337e9\" data-element_type=\"widget\" data-e-type=\"widget\" data-widget_type=\"html.default\">\n\t\t\t\t<div class=\"elementor-widget-container\">\n\t\t\t\t\t<p style=\"text-align: center;\"><iframe width=\"105%\" height=\"480\" src=\"https:\/\/drive.google.com\/file\/d\/1CXAQwIifkSUKTYrDT6Buakn8MNZq_rbN\/preview\"><\/iframe><\/p>\t\t\t\t<\/div>\n\t\t\t\t<\/div>\n\t\t\t\t<\/div>\n\t\t\t\t\t<\/div>\n\t\t<\/div>\n\t\t\t\t\t\t<\/div>\n\t\t\t\t<\/div>\n\t\t\t\t\t<\/div>\n\t\t\t\t<\/div>\n\t\t\t\t<\/div>\n\t\t","protected":false},"excerpt":{"rendered":"<p>Formatos de Postulaci\u00f3n Docente FI-02 CV Docente FI-04 Plan de Trabajo Docentes FI-06 Carta de postulaci\u00f3n Docente CB-01 Carta Postulaci\u00f3n [&hellip;]<\/p>\n","protected":false},"author":2,"featured_media":0,"parent":0,"menu_order":0,"comment_status":"closed","ping_status":"closed","template":"","meta":{"site-sidebar-layout":"no-sidebar","site-content-layout":"","ast-site-content-layout":"full-width-container","site-content-style":"default","site-sidebar-style":"default","ast-global-header-display":"","ast-banner-title-visibility":"","ast-main-header-display":"","ast-hfb-above-header-display":"","ast-hfb-below-header-display":"","ast-hfb-mobile-header-display":"","site-post-title":"disabled","ast-breadcrumbs-content":"","ast-featured-img":"disabled","footer-sml-layout":"","ast-disable-related-posts":"","theme-transparent-header-meta":"","adv-header-id-meta":"","stick-header-meta":"","header-above-stick-meta":"","header-main-stick-meta":"","header-below-stick-meta":"","astra-migrate-meta-layouts":"default","ast-page-background-enabled":"default","ast-page-background-meta":{"desktop":{"background-color":"var(--ast-global-color-5)","background-image":"","background-repeat":"repeat","background-position":"center center","background-size":"auto","background-attachment":"scroll","background-type":"","background-media":"","overlay-type":"","overlay-color":"","overlay-opacity":"","overlay-gradient":""},"tablet":{"background-color":"","background-image":"","background-repeat":"repeat","background-position":"center center","background-size":"auto","background-attachment":"scroll","background-type":"","background-media":"","overlay-type":"","overlay-color":"","overlay-opacity":"","overlay-gradient":""},"mobile":{"background-color":"","background-image":"","background-repeat":"repeat","background-position":"center center","background-size":"auto","background-attachment":"scroll","background-type":"","background-media":"","overlay-type":"","overlay-color":"","overlay-opacity":"","overlay-gradient":""}},"ast-content-background-meta":{"desktop":{"background-color":"var(--ast-global-color-4)","background-image":"","background-repeat":"repeat","background-position":"center center","background-size":"auto","background-attachment":"scroll","background-type":"","background-media":"","overlay-type":"","overlay-color":"","overlay-opacity":"","overlay-gradient":""},"tablet":{"background-color":"var(--ast-global-color-4)","background-image":"","background-repeat":"repeat","background-position":"center center","background-size":"auto","background-attachment":"scroll","background-type":"","background-media":"","overlay-type":"","overlay-color":"","overlay-opacity":"","overlay-gradient":""},"mobile":{"background-color":"var(--ast-global-color-4)","background-image":"","background-repeat":"repeat","background-position":"center center","background-size":"auto","background-attachment":"scroll","background-type":"","background-media":"","overlay-type":"","overlay-color":"","overlay-opacity":"","overlay-gradient":""}},"footnotes":""},"class_list":["post-461","page","type-page","status-publish","hentry"],"rttpg_featured_image_url":null,"rttpg_author":{"display_name":"RENZO FABIAN ORTIZ TAPIA","author_link":"https:\/\/miing.umsa.edu.bo\/index.php\/author\/ad1mrf0t\/"},"rttpg_comment":0,"rttpg_category":null,"rttpg_excerpt":"Formatos de Postulaci\u00f3n Docente FI-02 CV Docente FI-04 Plan de Trabajo Docentes FI-06 Carta de postulaci\u00f3n Docente CB-01 Carta Postulaci\u00f3n [&hellip;]","_links":{"self":[{"href":"https:\/\/miing.umsa.edu.bo\/index.php\/wp-json\/wp\/v2\/pages\/461","targetHints":{"allow":["GET"]}}],"collection":[{"href":"https:\/\/miing.umsa.edu.bo\/index.php\/wp-json\/wp\/v2\/pages"}],"about":[{"href":"https:\/\/miing.umsa.edu.bo\/index.php\/wp-json\/wp\/v2\/types\/page"}],"author":[{"embeddable":true,"href":"https:\/\/miing.umsa.edu.bo\/index.php\/wp-json\/wp\/v2\/users\/2"}],"replies":[{"embeddable":true,"href":"https:\/\/miing.umsa.edu.bo\/index.php\/wp-json\/wp\/v2\/comments?post=461"}],"version-history":[{"count":31,"href":"https:\/\/miing.umsa.edu.bo\/index.php\/wp-json\/wp\/v2\/pages\/461\/revisions"}],"predecessor-version":[{"id":1126,"href":"https:\/\/miing.umsa.edu.bo\/index.php\/wp-json\/wp\/v2\/pages\/461\/revisions\/1126"}],"wp:attachment":[{"href":"https:\/\/miing.umsa.edu.bo\/index.php\/wp-json\/wp\/v2\/media?parent=461"}],"curies":[{"name":"wp","href":"https:\/\/api.w.org\/{rel}","templated":true}]}}