{"id":406,"date":"2025-04-26T02:24:53","date_gmt":"2025-04-26T00:24:53","guid":{"rendered":"https:\/\/miing.umsa.edu.bo\/?page_id=406"},"modified":"2025-04-30T04:34:37","modified_gmt":"2025-04-30T02:34:37","slug":"finesyobjetivos","status":"publish","type":"page","link":"https:\/\/miing.umsa.edu.bo\/index.php\/finesyobjetivos\/","title":{"rendered":"Finesyobjetivos"},"content":{"rendered":"\t\t<div data-elementor-type=\"wp-page\" data-elementor-id=\"406\" class=\"elementor elementor-406\" data-elementor-post-type=\"page\">\n\t\t\t\t<div class=\"elementor-element elementor-element-456da7a e-flex e-con-boxed e-con e-parent\" data-id=\"456da7a\" data-element_type=\"container\" data-e-type=\"container\" data-settings=\"{&quot;background_background&quot;:&quot;classic&quot;}\">\n\t\t\t\t\t<div class=\"e-con-inner\">\n\t\t<div class=\"elementor-element elementor-element-6267e19 e-con-full e-flex e-con e-child\" data-id=\"6267e19\" data-element_type=\"container\" data-e-type=\"container\" data-settings=\"{&quot;background_background&quot;:&quot;classic&quot;}\">\n\t\t\t\t<div class=\"elementor-element elementor-element-ab9c4af elementor-widget elementor-widget-heading\" data-id=\"ab9c4af\" data-element_type=\"widget\" data-e-type=\"widget\" data-widget_type=\"heading.default\">\n\t\t\t\t<div class=\"elementor-widget-container\">\n\t\t\t\t\t<h2 class=\"elementor-heading-title elementor-size-default\">Misi\u00f3n<\/h2>\t\t\t\t<\/div>\n\t\t\t\t<\/div>\n\t\t\t\t<div class=\"elementor-element elementor-element-f8b2936 elementor-widget elementor-widget-text-editor\" data-id=\"f8b2936\" data-element_type=\"widget\" data-e-type=\"widget\" data-widget_type=\"text-editor.default\">\n\t\t\t\t<div class=\"elementor-widget-container\">\n\t\t\t\t\t\t\t\t\t<p><strong>La FACULTAD DE INGENIER\u00cdA es una instituci\u00f3n p\u00fablica moderna y de gesti\u00f3n eficiente comprometida con la sociedad boliviana, cuya misi\u00f3n es la formaci\u00f3n con calidad, de Ingenieros id\u00f3neos de reconocida calidad y excelencia acad\u00e9mica en todos sus niveles; innovadores, con capacidad de desarrollar investigaci\u00f3n, creaci\u00f3n y aplicaci\u00f3n del conocimiento, integrado al contexto de la ciencia y tecnolog\u00eda universal; con vocaci\u00f3n de liderazgo intelectual y social; con capacidad de responder a las necesidades de desarrollo econ\u00f3mico y social, nacional, regional; con capacidad de generar interacci\u00f3n social; defensor de los recursos naturales y promotor de su industrializaci\u00f3n en el marco del desarrollo sostenible; y respetuoso de los principios establecidos por la Universidad Mayor de San Andr\u00e9s.<\/strong><\/p>\t\t\t\t\t\t\t\t<\/div>\n\t\t\t\t<\/div>\n\t\t\t\t<div class=\"elementor-element elementor-element-19a96b0 elementor-widget elementor-widget-heading\" data-id=\"19a96b0\" data-element_type=\"widget\" data-e-type=\"widget\" data-widget_type=\"heading.default\">\n\t\t\t\t<div class=\"elementor-widget-container\">\n\t\t\t\t\t<h2 class=\"elementor-heading-title elementor-size-default\">Visi\u00f3n<\/h2>\t\t\t\t<\/div>\n\t\t\t\t<\/div>\n\t\t\t\t<div class=\"elementor-element elementor-element-90166f9 elementor-widget elementor-widget-text-editor\" data-id=\"90166f9\" data-element_type=\"widget\" data-e-type=\"widget\" data-widget_type=\"text-editor.default\">\n\t\t\t\t<div class=\"elementor-widget-container\">\n\t\t\t\t\t\t\t\t\t<p><strong>La FACULTAD DE INGENIERIA, es una instituci\u00f3n s\u00edmbolo de la ingenier\u00eda nacional, de alta calidad acad\u00e9mica y cient\u00edfica; reconocida por su gesti\u00f3n eficiente y su investigaci\u00f3n relevante; integrada a la comunidad acad\u00e9mica internacional; comprometida con la sociedad boliviana, generadora de nuevos conocimiento y tecnolog\u00eda orientados a la resoluci\u00f3n de sus problemas, donde priman los valores de solidaridad, reconocimiento de la diversidad, b\u00fasqueda de la mejora continua, creatividad, innovaci\u00f3n, esp\u00edritu emprendedor, y vocaci\u00f3n de servicio p\u00fablico e interacci\u00f3n social sostenible.<\/strong><\/p>\t\t\t\t\t\t\t\t<\/div>\n\t\t\t\t<\/div>\n\t\t\t\t<\/div>\n\t\t<div class=\"elementor-element elementor-element-c3855c1 e-con-full e-flex e-con e-child\" data-id=\"c3855c1\" data-element_type=\"container\" data-e-type=\"container\" data-settings=\"{&quot;background_background&quot;:&quot;classic&quot;}\">\n\t\t\t\t<div class=\"elementor-element elementor-element-ae4f754 elementor-widget elementor-widget-heading\" data-id=\"ae4f754\" data-element_type=\"widget\" data-e-type=\"widget\" data-widget_type=\"heading.default\">\n\t\t\t\t<div class=\"elementor-widget-container\">\n\t\t\t\t\t<h2 class=\"elementor-heading-title elementor-size-default\">Objetivos<\/h2>\t\t\t\t<\/div>\n\t\t\t\t<\/div>\n\t\t\t\t<div class=\"elementor-element elementor-element-849f17d elementor-widget elementor-widget-text-editor\" data-id=\"849f17d\" data-element_type=\"widget\" data-e-type=\"widget\" data-widget_type=\"text-editor.default\">\n\t\t\t\t<div class=\"elementor-widget-container\">\n\t\t\t\t\t\t\t\t\t<p><strong>Sin pretender ser exhaustivos se intenta mostrar un compendio de las actividades fundamentales que la Facultad de Ingenier\u00eda tiene a su cargo, en concordancia con los\u00a0 objetivos siguientes:<\/strong><\/p><p><strong>Impartir una docencia integral mediante cursos sistem\u00e1ticos y progresivos, orientada a formar profesionales en las diversas especialidades de la Ingenier\u00eda;\u00a0 con conocimientos y mentalidad cr\u00edtica, capaces de desarrollar aptitudes tales como an\u00e1lisis, s\u00edntesis y creatividad;\u00a0 necesarias para utilizar racionalmente los recursos, con preocupaci\u00f3n por el desarrollo del pa\u00eds, por la problem\u00e1tica social y por el ejercicio permanente de los valores c\u00edvicos, \u00e9ticos y morales.<\/strong><\/p><p><strong>Propiciar, apoyar y estimular el desarrollo de la investigaci\u00f3n cient\u00edfica y tecnol\u00f3gica, participando en la creaci\u00f3n de nuevos conocimientos y en la generaci\u00f3n de t\u00e9cnicas y m\u00e9todos que contribuyan a la identificaci\u00f3n y soluci\u00f3n de la problem\u00e1tica regional y nacional en el \u00e1rea de la Ingenier\u00eda.<\/strong><\/p>\t\t\t\t\t\t\t\t<\/div>\n\t\t\t\t<\/div>\n\t\t\t\t<\/div>\n\t\t\t\t\t<\/div>\n\t\t\t\t<\/div>\n\t\t\t\t<\/div>\n\t\t","protected":false},"excerpt":{"rendered":"<p>Misi\u00f3n La FACULTAD DE INGENIER\u00cdA es una instituci\u00f3n p\u00fablica moderna y de gesti\u00f3n eficiente comprometida con la sociedad boliviana, cuya [&hellip;]<\/p>\n","protected":false},"author":2,"featured_media":0,"parent":0,"menu_order":0,"comment_status":"closed","ping_status":"closed","template":"","meta":{"site-sidebar-layout":"no-sidebar","site-content-layout":"","ast-site-content-layout":"full-width-container","site-content-style":"default","site-sidebar-style":"default","ast-global-header-display":"","ast-banner-title-visibility":"","ast-main-header-display":"","ast-hfb-above-header-display":"","ast-hfb-below-header-display":"","ast-hfb-mobile-header-display":"","site-post-title":"disabled","ast-breadcrumbs-content":"","ast-featured-img":"disabled","footer-sml-layout":"","ast-disable-related-posts":"","theme-transparent-header-meta":"","adv-header-id-meta":"","stick-header-meta":"","header-above-stick-meta":"","header-main-stick-meta":"","header-below-stick-meta":"","astra-migrate-meta-layouts":"default","ast-page-background-enabled":"default","ast-page-background-meta":{"desktop":{"background-color":"var(--ast-global-color-5)","background-image":"","background-repeat":"repeat","background-position":"center center","background-size":"auto","background-attachment":"scroll","background-type":"","background-media":"","overlay-type":"","overlay-color":"","overlay-opacity":"","overlay-gradient":""},"tablet":{"background-color":"","background-image":"","background-repeat":"repeat","background-position":"center center","background-size":"auto","background-attachment":"scroll","background-type":"","background-media":"","overlay-type":"","overlay-color":"","overlay-opacity":"","overlay-gradient":""},"mobile":{"background-color":"","background-image":"","background-repeat":"repeat","background-position":"center center","background-size":"auto","background-attachment":"scroll","background-type":"","background-media":"","overlay-type":"","overlay-color":"","overlay-opacity":"","overlay-gradient":""}},"ast-content-background-meta":{"desktop":{"background-color":"var(--ast-global-color-4)","background-image":"","background-repeat":"repeat","background-position":"center center","background-size":"auto","background-attachment":"scroll","background-type":"","background-media":"","overlay-type":"","overlay-color":"","overlay-opacity":"","overlay-gradient":""},"tablet":{"background-color":"var(--ast-global-color-4)","background-image":"","background-repeat":"repeat","background-position":"center center","background-size":"auto","background-attachment":"scroll","background-type":"","background-media":"","overlay-type":"","overlay-color":"","overlay-opacity":"","overlay-gradient":""},"mobile":{"background-color":"var(--ast-global-color-4)","background-image":"","background-repeat":"repeat","background-position":"center center","background-size":"auto","background-attachment":"scroll","background-type":"","background-media":"","overlay-type":"","overlay-color":"","overlay-opacity":"","overlay-gradient":""}},"footnotes":""},"class_list":["post-406","page","type-page","status-publish","hentry"],"rttpg_featured_image_url":null,"rttpg_author":{"display_name":"RENZO FABIAN ORTIZ TAPIA","author_link":"https:\/\/miing.umsa.edu.bo\/index.php\/author\/ad1mrf0t\/"},"rttpg_comment":0,"rttpg_category":null,"rttpg_excerpt":"Misi\u00f3n La FACULTAD DE INGENIER\u00cdA es una instituci\u00f3n p\u00fablica moderna y de gesti\u00f3n eficiente comprometida con la sociedad boliviana, cuya [&hellip;]","_links":{"self":[{"href":"https:\/\/miing.umsa.edu.bo\/index.php\/wp-json\/wp\/v2\/pages\/406","targetHints":{"allow":["GET"]}}],"collection":[{"href":"https:\/\/miing.umsa.edu.bo\/index.php\/wp-json\/wp\/v2\/pages"}],"about":[{"href":"https:\/\/miing.umsa.edu.bo\/index.php\/wp-json\/wp\/v2\/types\/page"}],"author":[{"embeddable":true,"href":"https:\/\/miing.umsa.edu.bo\/index.php\/wp-json\/wp\/v2\/users\/2"}],"replies":[{"embeddable":true,"href":"https:\/\/miing.umsa.edu.bo\/index.php\/wp-json\/wp\/v2\/comments?post=406"}],"version-history":[{"count":16,"href":"https:\/\/miing.umsa.edu.bo\/index.php\/wp-json\/wp\/v2\/pages\/406\/revisions"}],"predecessor-version":[{"id":633,"href":"https:\/\/miing.umsa.edu.bo\/index.php\/wp-json\/wp\/v2\/pages\/406\/revisions\/633"}],"wp:attachment":[{"href":"https:\/\/miing.umsa.edu.bo\/index.php\/wp-json\/wp\/v2\/media?parent=406"}],"curies":[{"name":"wp","href":"https:\/\/api.w.org\/{rel}","templated":true}]}}