{"id":101,"date":"2025-04-25T18:42:48","date_gmt":"2025-04-25T16:42:48","guid":{"rendered":"https:\/\/miing.umsa.edu.bo\/?page_id=101"},"modified":"2026-03-24T20:07:31","modified_gmt":"2026-03-24T19:07:31","slug":"carreras","status":"publish","type":"page","link":"https:\/\/miing.umsa.edu.bo\/index.php\/carreras\/","title":{"rendered":"Carreras"},"content":{"rendered":"\t\t<div data-elementor-type=\"wp-page\" data-elementor-id=\"101\" class=\"elementor elementor-101\" data-elementor-post-type=\"page\">\n\t\t\t\t<div class=\"elementor-element elementor-element-83888c7 e-flex e-con-boxed e-con e-parent\" data-id=\"83888c7\" data-element_type=\"container\" data-e-type=\"container\">\n\t\t\t\t\t<div class=\"e-con-inner\">\n\t\t\t\t<div class=\"elementor-element elementor-element-505a074 elementor-widget elementor-widget-heading\" data-id=\"505a074\" data-element_type=\"widget\" data-e-type=\"widget\" data-widget_type=\"heading.default\">\n\t\t\t\t<div class=\"elementor-widget-container\">\n\t\t\t\t\t<h2 class=\"elementor-heading-title elementor-size-default\">Carreras<\/h2>\t\t\t\t<\/div>\n\t\t\t\t<\/div>\n\t\t\t\t<div class=\"elementor-element elementor-element-2737f1e elementor-widget elementor-widget-spacer\" data-id=\"2737f1e\" data-element_type=\"widget\" data-e-type=\"widget\" data-widget_type=\"spacer.default\">\n\t\t\t\t<div class=\"elementor-widget-container\">\n\t\t\t\t\t\t\t<div class=\"elementor-spacer\">\n\t\t\t<div class=\"elementor-spacer-inner\"><\/div>\n\t\t<\/div>\n\t\t\t\t\t\t<\/div>\n\t\t\t\t<\/div>\n\t\t\t\t\t<\/div>\n\t\t\t\t<\/div>\n\t\t<div class=\"elementor-element elementor-element-3054d3e e-flex e-con-boxed e-con e-parent\" data-id=\"3054d3e\" data-element_type=\"container\" data-e-type=\"container\">\n\t\t\t\t\t<div class=\"e-con-inner\">\n\t\t<div class=\"elementor-element elementor-element-2d685a6 e-con-full e-flex e-con e-child\" data-id=\"2d685a6\" data-element_type=\"container\" data-e-type=\"container\">\n\t\t\t\t<div class=\"elementor-element elementor-element-c37c56f elementor-widget elementor-widget-image\" data-id=\"c37c56f\" data-element_type=\"widget\" data-e-type=\"widget\" data-widget_type=\"image.default\">\n\t\t\t\t<div class=\"elementor-widget-container\">\n\t\t\t\t\t\t\t\t\t\t\t\t<figure class=\"wp-caption\">\n\t\t\t\t\t\t\t\t\t\t\t<a href=\"https:\/\/ingenieriacivil.umsa.bo\/\" target=\"_blank\">\n\t\t\t\t\t\t\t<img fetchpriority=\"high\" decoding=\"async\" width=\"647\" height=\"647\" src=\"https:\/\/miing.umsa.edu.bo\/wp-content\/uploads\/2025\/04\/Carrera-TRANSPARENTE-647x647-1.png\" class=\"attachment-medium_large size-medium_large wp-image-103\" alt=\"\" srcset=\"https:\/\/miing.umsa.edu.bo\/wp-content\/uploads\/2025\/04\/Carrera-TRANSPARENTE-647x647-1.png 647w, https:\/\/miing.umsa.edu.bo\/wp-content\/uploads\/2025\/04\/Carrera-TRANSPARENTE-647x647-1-300x300.png 300w, https:\/\/miing.umsa.edu.bo\/wp-content\/uploads\/2025\/04\/Carrera-TRANSPARENTE-647x647-1-150x150.png 150w\" sizes=\"(max-width: 647px) 100vw, 647px\" \/>\t\t\t\t\t\t\t\t<\/a>\n\t\t\t\t\t\t\t\t\t\t\t<figcaption class=\"widget-image-caption wp-caption-text\">Ingenier\u00eda Civil<\/figcaption>\n\t\t\t\t\t\t\t\t\t\t<\/figure>\n\t\t\t\t\t\t\t\t\t<\/div>\n\t\t\t\t<\/div>\n\t\t\t\t<div class=\"elementor-element elementor-element-ad1b56f elementor-widget elementor-widget-text-editor\" data-id=\"ad1b56f\" data-element_type=\"widget\" data-e-type=\"widget\" data-widget_type=\"text-editor.default\">\n\t\t\t\t<div class=\"elementor-widget-container\">\n\t\t\t\t\t\t\t\t\t<p>Ing. Mario Ramiro Ter\u00e1n C.<\/p><p><strong>Director a.i. de Carrera<\/strong><\/p>\t\t\t\t\t\t\t\t<\/div>\n\t\t\t\t<\/div>\n\t\t\t\t<div class=\"elementor-element elementor-element-7a5716e elementor-widget elementor-widget-text-editor\" data-id=\"7a5716e\" data-element_type=\"widget\" data-e-type=\"widget\" data-widget_type=\"text-editor.default\">\n\t\t\t\t<div class=\"elementor-widget-container\">\n\t\t\t\t\t\t\t\t\t<p>Formar ingenieros civiles id\u00f3neos de la reconocida calidad y excelencia para el crecimiento y desarrollo sustentable del pa\u00eds.<\/p>\t\t\t\t\t\t\t\t<\/div>\n\t\t\t\t<\/div>\n\t\t\t\t<\/div>\n\t\t<div class=\"elementor-element elementor-element-7067600 e-con-full e-flex e-con e-child\" data-id=\"7067600\" data-element_type=\"container\" data-e-type=\"container\">\n\t\t\t\t<div class=\"elementor-element elementor-element-1e8dedf elementor-widget elementor-widget-image\" data-id=\"1e8dedf\" data-element_type=\"widget\" data-e-type=\"widget\" data-widget_type=\"image.default\">\n\t\t\t\t<div class=\"elementor-widget-container\">\n\t\t\t\t\t\t\t\t\t\t\t\t<figure class=\"wp-caption\">\n\t\t\t\t\t\t\t\t\t\t\t<a href=\"https:\/\/industrial.umsa.bo\/\" target=\"_blank\">\n\t\t\t\t\t\t\t<img decoding=\"async\" width=\"768\" height=\"866\" src=\"https:\/\/miing.umsa.edu.bo\/wp-content\/uploads\/2025\/04\/nuevo-logo-industrial-2-768x866.png\" class=\"attachment-medium_large size-medium_large wp-image-109\" alt=\"\" srcset=\"https:\/\/miing.umsa.edu.bo\/wp-content\/uploads\/2025\/04\/nuevo-logo-industrial-2-768x866.png 768w, https:\/\/miing.umsa.edu.bo\/wp-content\/uploads\/2025\/04\/nuevo-logo-industrial-2-266x300.png 266w, https:\/\/miing.umsa.edu.bo\/wp-content\/uploads\/2025\/04\/nuevo-logo-industrial-2-908x1024.png 908w, https:\/\/miing.umsa.edu.bo\/wp-content\/uploads\/2025\/04\/nuevo-logo-industrial-2.png 1201w\" sizes=\"(max-width: 768px) 100vw, 768px\" \/>\t\t\t\t\t\t\t\t<\/a>\n\t\t\t\t\t\t\t\t\t\t\t<figcaption class=\"widget-image-caption wp-caption-text\">Ingenier\u00eda Industrial<\/figcaption>\n\t\t\t\t\t\t\t\t\t\t<\/figure>\n\t\t\t\t\t\t\t\t\t<\/div>\n\t\t\t\t<\/div>\n\t\t\t\t<div class=\"elementor-element elementor-element-911ea72 elementor-widget elementor-widget-text-editor\" data-id=\"911ea72\" data-element_type=\"widget\" data-e-type=\"widget\" data-widget_type=\"text-editor.default\">\n\t\t\t\t<div class=\"elementor-widget-container\">\n\t\t\t\t\t\t\t\t\t<p>Ing. Aldo Felipe Vargas Pacheco<\/p><p><strong>Director de Carrera<\/strong><\/p>\t\t\t\t\t\t\t\t<\/div>\n\t\t\t\t<\/div>\n\t\t\t\t<div class=\"elementor-element elementor-element-c009c90 elementor-widget elementor-widget-text-editor\" data-id=\"c009c90\" data-element_type=\"widget\" data-e-type=\"widget\" data-widget_type=\"text-editor.default\">\n\t\t\t\t<div class=\"elementor-widget-container\">\n\t\t\t\t\t\t\t\t\t<p>Formar profesionales tanto en el Grado como en el Postgrado con capacidad de responder a las necesidades del desarrollo tecnol\u00f3gico e industrial del pa\u00eds.<\/p>\t\t\t\t\t\t\t\t<\/div>\n\t\t\t\t<\/div>\n\t\t\t\t<\/div>\n\t\t<div class=\"elementor-element elementor-element-6ce28c5 e-con-full e-flex e-con e-child\" data-id=\"6ce28c5\" data-element_type=\"container\" data-e-type=\"container\">\n\t\t\t\t<div class=\"elementor-element elementor-element-9d9350a elementor-widget elementor-widget-image\" data-id=\"9d9350a\" data-element_type=\"widget\" data-e-type=\"widget\" data-widget_type=\"image.default\">\n\t\t\t\t<div class=\"elementor-widget-container\">\n\t\t\t\t\t\t\t\t\t\t\t\t<figure class=\"wp-caption\">\n\t\t\t\t\t\t\t\t\t\t\t<a href=\"https:\/\/ingenieriaquimica.umsa.edu.bo\/\" target=\"_blank\">\n\t\t\t\t\t\t\t<img decoding=\"async\" width=\"768\" height=\"750\" src=\"https:\/\/miing.umsa.edu.bo\/wp-content\/uploads\/2025\/04\/logo-carrerapng-768x750.png\" class=\"attachment-medium_large size-medium_large wp-image-106\" alt=\"\" srcset=\"https:\/\/miing.umsa.edu.bo\/wp-content\/uploads\/2025\/04\/logo-carrerapng-768x750.png 768w, https:\/\/miing.umsa.edu.bo\/wp-content\/uploads\/2025\/04\/logo-carrerapng-300x293.png 300w, https:\/\/miing.umsa.edu.bo\/wp-content\/uploads\/2025\/04\/logo-carrerapng-1024x1000.png 1024w, https:\/\/miing.umsa.edu.bo\/wp-content\/uploads\/2025\/04\/logo-carrerapng.png 1280w\" sizes=\"(max-width: 768px) 100vw, 768px\" \/>\t\t\t\t\t\t\t\t<\/a>\n\t\t\t\t\t\t\t\t\t\t\t<figcaption class=\"widget-image-caption wp-caption-text\">Ingenier\u00eda Qu\u00edmica<\/figcaption>\n\t\t\t\t\t\t\t\t\t\t<\/figure>\n\t\t\t\t\t\t\t\t\t<\/div>\n\t\t\t\t<\/div>\n\t\t\t\t<div class=\"elementor-element elementor-element-0b337b6 elementor-widget elementor-widget-text-editor\" data-id=\"0b337b6\" data-element_type=\"widget\" data-e-type=\"widget\" data-widget_type=\"text-editor.default\">\n\t\t\t\t<div class=\"elementor-widget-container\">\n\t\t\t\t\t\t\t\t\t<p>Ing. Jorge Alberto V\u00e1squez P.<\/p><p><strong>Director de Carrera<\/strong><\/p>\t\t\t\t\t\t\t\t<\/div>\n\t\t\t\t<\/div>\n\t\t\t\t<div class=\"elementor-element elementor-element-31e666b elementor-widget elementor-widget-text-editor\" data-id=\"31e666b\" data-element_type=\"widget\" data-e-type=\"widget\" data-widget_type=\"text-editor.default\">\n\t\t\t\t<div class=\"elementor-widget-container\">\n\t\t\t\t\t\t\t\t\t<p>Formar profesionales en las especialidades de Ingenier\u00eda Qu\u00edmica con grado de Licenciatura y\/o grado de Maestr\u00eda para responder a las necesidades de desarrollo del pa\u00eds.<\/p>\t\t\t\t\t\t\t\t<\/div>\n\t\t\t\t<\/div>\n\t\t\t\t<\/div>\n\t\t\t\t\t<\/div>\n\t\t\t\t<\/div>\n\t\t<div class=\"elementor-element elementor-element-4860634 e-flex e-con-boxed e-con e-parent\" data-id=\"4860634\" data-element_type=\"container\" data-e-type=\"container\">\n\t\t\t\t\t<div class=\"e-con-inner\">\n\t\t<div class=\"elementor-element elementor-element-ae1159d e-con-full e-flex e-con e-child\" data-id=\"ae1159d\" data-element_type=\"container\" data-e-type=\"container\">\n\t\t\t\t<div class=\"elementor-element elementor-element-e4b4893 elementor-widget elementor-widget-image\" data-id=\"e4b4893\" data-element_type=\"widget\" data-e-type=\"widget\" data-widget_type=\"image.default\">\n\t\t\t\t<div class=\"elementor-widget-container\">\n\t\t\t\t\t\t\t\t\t\t\t\t<figure class=\"wp-caption\">\n\t\t\t\t\t\t\t\t\t\t\t<a href=\"https:\/\/electronica.umsa.edu.bo\/\" target=\"_blank\">\n\t\t\t\t\t\t\t<img loading=\"lazy\" decoding=\"async\" width=\"1000\" height=\"1022\" src=\"https:\/\/miing.umsa.edu.bo\/wp-content\/uploads\/2025\/04\/Logo-Ing.-Electronica.png\" class=\"attachment-large size-large wp-image-110\" alt=\"\" srcset=\"https:\/\/miing.umsa.edu.bo\/wp-content\/uploads\/2025\/04\/Logo-Ing.-Electronica.png 1000w, https:\/\/miing.umsa.edu.bo\/wp-content\/uploads\/2025\/04\/Logo-Ing.-Electronica-294x300.png 294w, https:\/\/miing.umsa.edu.bo\/wp-content\/uploads\/2025\/04\/Logo-Ing.-Electronica-768x785.png 768w\" sizes=\"(max-width: 1000px) 100vw, 1000px\" \/>\t\t\t\t\t\t\t\t<\/a>\n\t\t\t\t\t\t\t\t\t\t\t<figcaption class=\"widget-image-caption wp-caption-text\">Ingenier\u00eda Electr\u00f3nica<\/figcaption>\n\t\t\t\t\t\t\t\t\t\t<\/figure>\n\t\t\t\t\t\t\t\t\t<\/div>\n\t\t\t\t<\/div>\n\t\t\t\t<div class=\"elementor-element elementor-element-1c4d17e elementor-widget elementor-widget-text-editor\" data-id=\"1c4d17e\" data-element_type=\"widget\" data-e-type=\"widget\" data-widget_type=\"text-editor.default\">\n\t\t\t\t<div class=\"elementor-widget-container\">\n\t\t\t\t\t\t\t\t\t<p>Ing. Clifford Paravicini Hurtado<\/p><p><strong>Director a.i. de Carrera<\/strong><\/p>\t\t\t\t\t\t\t\t<\/div>\n\t\t\t\t<\/div>\n\t\t\t\t<div class=\"elementor-element elementor-element-47a4776 elementor-widget elementor-widget-text-editor\" data-id=\"47a4776\" data-element_type=\"widget\" data-e-type=\"widget\" data-widget_type=\"text-editor.default\">\n\t\t\t\t<div class=\"elementor-widget-container\">\n\t\t\t\t\t\t\t\t\t<p>El Ingeniero Electr\u00f3nico aplica las ciencias y el m\u00e9todo cient\u00edfico, al an\u00e1lisis y soluci\u00f3n de los problemas tecnol\u00f3gicos-econ\u00f3micos.\u00a0<\/p>\t\t\t\t\t\t\t\t<\/div>\n\t\t\t\t<\/div>\n\t\t\t\t<\/div>\n\t\t<div class=\"elementor-element elementor-element-95cd45b e-con-full e-flex e-con e-child\" data-id=\"95cd45b\" data-element_type=\"container\" data-e-type=\"container\">\n\t\t\t\t<div class=\"elementor-element elementor-element-149f659 elementor-widget elementor-widget-image\" data-id=\"149f659\" data-element_type=\"widget\" data-e-type=\"widget\" data-widget_type=\"image.default\">\n\t\t\t\t<div class=\"elementor-widget-container\">\n\t\t\t\t\t\t\t\t\t\t\t\t<figure class=\"wp-caption\">\n\t\t\t\t\t\t\t\t\t\t\t<a href=\"https:\/\/electrica.umsa.edu.bo\/\" target=\"_blank\">\n\t\t\t\t\t\t\t<img loading=\"lazy\" decoding=\"async\" width=\"1024\" height=\"1024\" src=\"https:\/\/miing.umsa.edu.bo\/wp-content\/uploads\/2025\/04\/Electrica-1024x1024.png\" class=\"attachment-large size-large wp-image-104\" alt=\"\" srcset=\"https:\/\/miing.umsa.edu.bo\/wp-content\/uploads\/2025\/04\/Electrica-1024x1024.png 1024w, https:\/\/miing.umsa.edu.bo\/wp-content\/uploads\/2025\/04\/Electrica-300x300.png 300w, https:\/\/miing.umsa.edu.bo\/wp-content\/uploads\/2025\/04\/Electrica-150x150.png 150w, https:\/\/miing.umsa.edu.bo\/wp-content\/uploads\/2025\/04\/Electrica-768x768.png 768w, https:\/\/miing.umsa.edu.bo\/wp-content\/uploads\/2025\/04\/Electrica.png 1325w\" sizes=\"(max-width: 1024px) 100vw, 1024px\" \/>\t\t\t\t\t\t\t\t<\/a>\n\t\t\t\t\t\t\t\t\t\t\t<figcaption class=\"widget-image-caption wp-caption-text\">Ingenier\u00eda El\u00e9ctrica<\/figcaption>\n\t\t\t\t\t\t\t\t\t\t<\/figure>\n\t\t\t\t\t\t\t\t\t<\/div>\n\t\t\t\t<\/div>\n\t\t\t\t<div class=\"elementor-element elementor-element-76f1dd5 elementor-widget elementor-widget-text-editor\" data-id=\"76f1dd5\" data-element_type=\"widget\" data-e-type=\"widget\" data-widget_type=\"text-editor.default\">\n\t\t\t\t<div class=\"elementor-widget-container\">\n\t\t\t\t\t\t\t\t\t<p>Ing. Vicente Guerreros Torrez<\/p><p><strong>Director a.i. de Carrera<\/strong><\/p>\t\t\t\t\t\t\t\t<\/div>\n\t\t\t\t<\/div>\n\t\t\t\t<div class=\"elementor-element elementor-element-cea9eda elementor-widget elementor-widget-text-editor\" data-id=\"cea9eda\" data-element_type=\"widget\" data-e-type=\"widget\" data-widget_type=\"text-editor.default\">\n\t\t\t\t<div class=\"elementor-widget-container\">\n\t\t\t\t\t\t\t\t\t<p>Formar Ingenieros capacitados en la elaboraci\u00f3n de proyectos, construcci\u00f3n, operaci\u00f3n y mantenimiento de sistemas el\u00e9ctricos.<\/p>\t\t\t\t\t\t\t\t<\/div>\n\t\t\t\t<\/div>\n\t\t\t\t<\/div>\n\t\t<div class=\"elementor-element elementor-element-a5bd78b e-con-full e-flex e-con e-child\" data-id=\"a5bd78b\" data-element_type=\"container\" data-e-type=\"container\">\n\t\t\t\t<div class=\"elementor-element elementor-element-26501e6 elementor-widget elementor-widget-image\" data-id=\"26501e6\" data-element_type=\"widget\" data-e-type=\"widget\" data-widget_type=\"image.default\">\n\t\t\t\t<div class=\"elementor-widget-container\">\n\t\t\t\t\t\t\t\t\t\t\t\t<figure class=\"wp-caption\">\n\t\t\t\t\t\t\t\t\t\t\t<a href=\"https:\/\/petrolera.umsa.edu.bo\/\" target=\"_blank\">\n\t\t\t\t\t\t\t<img loading=\"lazy\" decoding=\"async\" width=\"824\" height=\"1024\" src=\"https:\/\/miing.umsa.edu.bo\/wp-content\/uploads\/2025\/04\/logo-PET-824x1024.png\" class=\"attachment-large size-large wp-image-107\" alt=\"\" srcset=\"https:\/\/miing.umsa.edu.bo\/wp-content\/uploads\/2025\/04\/logo-PET-824x1024.png 824w, https:\/\/miing.umsa.edu.bo\/wp-content\/uploads\/2025\/04\/logo-PET-241x300.png 241w, https:\/\/miing.umsa.edu.bo\/wp-content\/uploads\/2025\/04\/logo-PET-768x954.png 768w, https:\/\/miing.umsa.edu.bo\/wp-content\/uploads\/2025\/04\/logo-PET.png 1188w\" sizes=\"(max-width: 824px) 100vw, 824px\" \/>\t\t\t\t\t\t\t\t<\/a>\n\t\t\t\t\t\t\t\t\t\t\t<figcaption class=\"widget-image-caption wp-caption-text\">Ingenier\u00eda Petrolera<\/figcaption>\n\t\t\t\t\t\t\t\t\t\t<\/figure>\n\t\t\t\t\t\t\t\t\t<\/div>\n\t\t\t\t<\/div>\n\t\t\t\t<div class=\"elementor-element elementor-element-178599d elementor-widget elementor-widget-text-editor\" data-id=\"178599d\" data-element_type=\"widget\" data-e-type=\"widget\" data-widget_type=\"text-editor.default\">\n\t\t\t\t<div class=\"elementor-widget-container\">\n\t\t\t\t\t\t\t\t\t<p>Ing. Marco Montesinos\u00a0<\/p><p><strong>Director de Carrera<\/strong><\/p>\t\t\t\t\t\t\t\t<\/div>\n\t\t\t\t<\/div>\n\t\t\t\t<div class=\"elementor-element elementor-element-d8f4851 elementor-widget elementor-widget-text-editor\" data-id=\"d8f4851\" data-element_type=\"widget\" data-e-type=\"widget\" data-widget_type=\"text-editor.default\">\n\t\t\t\t<div class=\"elementor-widget-container\">\n\t\t\t\t\t\t\t\t\t<p>Formar profesionales para satisfacer los requerimientos de la industria petrolera estatal y privada.<\/p>\t\t\t\t\t\t\t\t<\/div>\n\t\t\t\t<\/div>\n\t\t\t\t<\/div>\n\t\t\t\t\t<\/div>\n\t\t\t\t<\/div>\n\t\t<div class=\"elementor-element elementor-element-7bc7e9c e-flex e-con-boxed e-con e-parent\" data-id=\"7bc7e9c\" data-element_type=\"container\" data-e-type=\"container\">\n\t\t\t\t\t<div class=\"e-con-inner\">\n\t\t<div class=\"elementor-element elementor-element-b43c311 e-con-full e-flex e-con e-child\" data-id=\"b43c311\" data-element_type=\"container\" data-e-type=\"container\">\n\t\t\t\t<\/div>\n\t\t<div class=\"elementor-element elementor-element-0d6def8 e-con-full e-flex e-con e-child\" data-id=\"0d6def8\" data-element_type=\"container\" data-e-type=\"container\">\n\t\t\t\t<div class=\"elementor-element elementor-element-3b15943 elementor-widget elementor-widget-image\" data-id=\"3b15943\" data-element_type=\"widget\" data-e-type=\"widget\" data-widget_type=\"image.default\">\n\t\t\t\t<div class=\"elementor-widget-container\">\n\t\t\t\t\t\t\t\t\t\t\t\t<figure class=\"wp-caption\">\n\t\t\t\t\t\t\t\t\t\t\t<a href=\"https:\/\/metmat.umsa.edu.bo\/\" target=\"_blank\">\n\t\t\t\t\t\t\t<img loading=\"lazy\" decoding=\"async\" width=\"594\" height=\"595\" src=\"https:\/\/miing.umsa.edu.bo\/wp-content\/uploads\/2025\/04\/METMAT.png\" class=\"attachment-large size-large wp-image-185\" alt=\"\" srcset=\"https:\/\/miing.umsa.edu.bo\/wp-content\/uploads\/2025\/04\/METMAT.png 594w, https:\/\/miing.umsa.edu.bo\/wp-content\/uploads\/2025\/04\/METMAT-300x300.png 300w, https:\/\/miing.umsa.edu.bo\/wp-content\/uploads\/2025\/04\/METMAT-150x150.png 150w\" sizes=\"(max-width: 594px) 100vw, 594px\" \/>\t\t\t\t\t\t\t\t<\/a>\n\t\t\t\t\t\t\t\t\t\t\t<figcaption class=\"widget-image-caption wp-caption-text\">Ingenier\u00eda Metalurgia y Materiales<\/figcaption>\n\t\t\t\t\t\t\t\t\t\t<\/figure>\n\t\t\t\t\t\t\t\t\t<\/div>\n\t\t\t\t<\/div>\n\t\t\t\t<div class=\"elementor-element elementor-element-8f003bd elementor-widget elementor-widget-text-editor\" data-id=\"8f003bd\" data-element_type=\"widget\" data-e-type=\"widget\" data-widget_type=\"text-editor.default\">\n\t\t\t\t<div class=\"elementor-widget-container\">\n\t\t\t\t\t\t\t\t\t<p>Ing. Federico Yujra<\/p><p><strong>Director de Carrera<\/strong><\/p>\t\t\t\t\t\t\t\t<\/div>\n\t\t\t\t<\/div>\n\t\t\t\t<div class=\"elementor-element elementor-element-21d9d96 elementor-widget elementor-widget-text-editor\" data-id=\"21d9d96\" data-element_type=\"widget\" data-e-type=\"widget\" data-widget_type=\"text-editor.default\">\n\t\t\t\t<div class=\"elementor-widget-container\">\n\t\t\t\t\t\t\t\t\t<p>Formar y capacitar profesionales graduados y post-graduados de alto nivel en Ingenier\u00eda Metal\u00fargica e Ingenier\u00eda en Materiales.<\/p>\t\t\t\t\t\t\t\t<\/div>\n\t\t\t\t<\/div>\n\t\t\t\t<\/div>\n\t\t<div class=\"elementor-element elementor-element-221e1d3 e-con-full e-flex e-con e-child\" data-id=\"221e1d3\" data-element_type=\"container\" data-e-type=\"container\">\n\t\t\t\t<div class=\"elementor-element elementor-element-02ffa97 elementor-widget elementor-widget-image\" data-id=\"02ffa97\" data-element_type=\"widget\" data-e-type=\"widget\" data-widget_type=\"image.default\">\n\t\t\t\t<div class=\"elementor-widget-container\">\n\t\t\t\t\t\t\t\t\t\t\t\t<figure class=\"wp-caption\">\n\t\t\t\t\t\t\t\t\t\t\t<a href=\"https:\/\/ingenieriamecanica.umsa.bo\/\" target=\"_blank\">\n\t\t\t\t\t\t\t<img loading=\"lazy\" decoding=\"async\" width=\"507\" height=\"741\" src=\"https:\/\/miing.umsa.edu.bo\/wp-content\/uploads\/2025\/04\/MECG-LOGO.png\" class=\"attachment-large size-large wp-image-108\" alt=\"\" srcset=\"https:\/\/miing.umsa.edu.bo\/wp-content\/uploads\/2025\/04\/MECG-LOGO.png 507w, https:\/\/miing.umsa.edu.bo\/wp-content\/uploads\/2025\/04\/MECG-LOGO-205x300.png 205w\" sizes=\"(max-width: 507px) 100vw, 507px\" \/>\t\t\t\t\t\t\t\t<\/a>\n\t\t\t\t\t\t\t\t\t\t\t<figcaption class=\"widget-image-caption wp-caption-text\">Ingenier\u00eda Mec\u00e1nica y Electromec\u00e1nica<\/figcaption>\n\t\t\t\t\t\t\t\t\t\t<\/figure>\n\t\t\t\t\t\t\t\t\t<\/div>\n\t\t\t\t<\/div>\n\t\t\t\t<div class=\"elementor-element elementor-element-d2d5ffa elementor-widget elementor-widget-text-editor\" data-id=\"d2d5ffa\" data-element_type=\"widget\" data-e-type=\"widget\" data-widget_type=\"text-editor.default\">\n\t\t\t\t<div class=\"elementor-widget-container\">\n\t\t\t\t\t\t\t\t\t<p>Ing. Jaime Sanchez Guzm\u00e1n<\/p><p><strong>Director de Carrera<\/strong><\/p>\t\t\t\t\t\t\t\t<\/div>\n\t\t\t\t<\/div>\n\t\t\t\t<div class=\"elementor-element elementor-element-acdae35 elementor-widget elementor-widget-text-editor\" data-id=\"acdae35\" data-element_type=\"widget\" data-e-type=\"widget\" data-widget_type=\"text-editor.default\">\n\t\t\t\t<div class=\"elementor-widget-container\">\n\t\t\t\t\t\t\t\t\t<p>Formamos profesionales en ingenier\u00eda con un enfoque pr\u00e1ctico y avanzado<\/p>\t\t\t\t\t\t\t\t<\/div>\n\t\t\t\t<\/div>\n\t\t\t\t<\/div>\n\t\t<div class=\"elementor-element elementor-element-e6c4a99 e-con-full e-flex e-con e-child\" data-id=\"e6c4a99\" data-element_type=\"container\" data-e-type=\"container\">\n\t\t\t\t<\/div>\n\t\t\t\t\t<\/div>\n\t\t\t\t<\/div>\n\t\t\t\t<\/div>\n\t\t","protected":false},"excerpt":{"rendered":"<p>Carreras Ingenier\u00eda Civil Ing. Mario Ramiro Ter\u00e1n C. Director a.i. de Carrera Formar ingenieros civiles id\u00f3neos de la reconocida calidad [&hellip;]<\/p>\n","protected":false},"author":2,"featured_media":0,"parent":0,"menu_order":0,"comment_status":"closed","ping_status":"closed","template":"","meta":{"site-sidebar-layout":"no-sidebar","site-content-layout":"","ast-site-content-layout":"full-width-container","site-content-style":"default","site-sidebar-style":"default","ast-global-header-display":"","ast-banner-title-visibility":"","ast-main-header-display":"","ast-hfb-above-header-display":"","ast-hfb-below-header-display":"","ast-hfb-mobile-header-display":"","site-post-title":"disabled","ast-breadcrumbs-content":"","ast-featured-img":"disabled","footer-sml-layout":"","ast-disable-related-posts":"","theme-transparent-header-meta":"","adv-header-id-meta":"","stick-header-meta":"","header-above-stick-meta":"","header-main-stick-meta":"","header-below-stick-meta":"","astra-migrate-meta-layouts":"default","ast-page-background-enabled":"default","ast-page-background-meta":{"desktop":{"background-color":"var(--ast-global-color-5)","background-image":"","background-repeat":"repeat","background-position":"center center","background-size":"auto","background-attachment":"scroll","background-type":"","background-media":"","overlay-type":"","overlay-color":"","overlay-opacity":"","overlay-gradient":""},"tablet":{"background-color":"","background-image":"","background-repeat":"repeat","background-position":"center center","background-size":"auto","background-attachment":"scroll","background-type":"","background-media":"","overlay-type":"","overlay-color":"","overlay-opacity":"","overlay-gradient":""},"mobile":{"background-color":"","background-image":"","background-repeat":"repeat","background-position":"center center","background-size":"auto","background-attachment":"scroll","background-type":"","background-media":"","overlay-type":"","overlay-color":"","overlay-opacity":"","overlay-gradient":""}},"ast-content-background-meta":{"desktop":{"background-color":"var(--ast-global-color-4)","background-image":"","background-repeat":"repeat","background-position":"center center","background-size":"auto","background-attachment":"scroll","background-type":"","background-media":"","overlay-type":"","overlay-color":"","overlay-opacity":"","overlay-gradient":""},"tablet":{"background-color":"var(--ast-global-color-4)","background-image":"","background-repeat":"repeat","background-position":"center center","background-size":"auto","background-attachment":"scroll","background-type":"","background-media":"","overlay-type":"","overlay-color":"","overlay-opacity":"","overlay-gradient":""},"mobile":{"background-color":"var(--ast-global-color-4)","background-image":"","background-repeat":"repeat","background-position":"center center","background-size":"auto","background-attachment":"scroll","background-type":"","background-media":"","overlay-type":"","overlay-color":"","overlay-opacity":"","overlay-gradient":""}},"footnotes":""},"class_list":["post-101","page","type-page","status-publish","hentry"],"rttpg_featured_image_url":null,"rttpg_author":{"display_name":"RENZO FABIAN ORTIZ TAPIA","author_link":"https:\/\/miing.umsa.edu.bo\/index.php\/author\/ad1mrf0t\/"},"rttpg_comment":0,"rttpg_category":null,"rttpg_excerpt":"Carreras Ingenier\u00eda Civil Ing. Mario Ramiro Ter\u00e1n C. Director a.i. de Carrera Formar ingenieros civiles id\u00f3neos de la reconocida calidad [&hellip;]","_links":{"self":[{"href":"https:\/\/miing.umsa.edu.bo\/index.php\/wp-json\/wp\/v2\/pages\/101","targetHints":{"allow":["GET"]}}],"collection":[{"href":"https:\/\/miing.umsa.edu.bo\/index.php\/wp-json\/wp\/v2\/pages"}],"about":[{"href":"https:\/\/miing.umsa.edu.bo\/index.php\/wp-json\/wp\/v2\/types\/page"}],"author":[{"embeddable":true,"href":"https:\/\/miing.umsa.edu.bo\/index.php\/wp-json\/wp\/v2\/users\/2"}],"replies":[{"embeddable":true,"href":"https:\/\/miing.umsa.edu.bo\/index.php\/wp-json\/wp\/v2\/comments?post=101"}],"version-history":[{"count":235,"href":"https:\/\/miing.umsa.edu.bo\/index.php\/wp-json\/wp\/v2\/pages\/101\/revisions"}],"predecessor-version":[{"id":1402,"href":"https:\/\/miing.umsa.edu.bo\/index.php\/wp-json\/wp\/v2\/pages\/101\/revisions\/1402"}],"wp:attachment":[{"href":"https:\/\/miing.umsa.edu.bo\/index.php\/wp-json\/wp\/v2\/media?parent=101"}],"curies":[{"name":"wp","href":"https:\/\/api.w.org\/{rel}","templated":true}]}}